{"id":57,"date":"2016-11-03T16:43:51","date_gmt":"2016-11-03T16:43:51","guid":{"rendered":"http:\/\/printing97.ro\/?page_id=57"},"modified":"2017-01-10T09:28:43","modified_gmt":"2017-01-10T09:28:43","slug":"roll-up","status":"publish","type":"page","link":"https:\/\/www.8imm.ro\/index.php\/roll-up\/","title":{"rendered":"Roll-up banner"},"content":{"rendered":"<p>[vc_row css=&#8221;.vc_custom_1483981397022{padding-top: 30px !important;background-image: url(http:\/\/www.8imm.ro\/wp-content\/uploads\/2016\/11\/3321.png?id=263) !important;}&#8221;][vc_column][vc_row_inner][vc_column_inner][vc_column_text]<strong>Roll-up banner este un sistem expozitional portabil, foarte usor de transportat si de utilizat, recomandat\u00a0 pentru prezentari vizuale si un excelent suport pentru comunicare de brand.<\/strong><\/p>\n<p><strong>Produsele Roll up<\/strong> din gama noastr\u0103 sunt solu\u021bia ideal\u0103 pentru compania dumneavoastr\u0103.<\/p>\n<p>Cu un design atr\u0103g\u0103tor, ele sunt\u00a0concepute s\u0103 inspire \u00eencredere \u0219i profesionalism. Fiind compuse din materiale u\u0219oare, sistemele noastre sunt foarte u\u0219or de transportat \u0219i manipulat.<\/p>\n<p>Standurile roll up banner sunt cele mai utilizate sisteme de afisare in intreaga lume.<\/p>\n<p>Sistemele expozitionale roll-up banner se monteaza in mai putin de 1 minut, ceea ce le face ideale pentru campanii de sampling, conferinte, standuri expozitionale dar si in orice alt mediu in care este nevoie de o prezentare profesionala.<\/p>\n<p>Vitrine, showroom-uri, magazine, mall-uri, hypermarket-uri, puncte de vanzare, campanii promotionale, sali de asteptare, sali de conferinte etc.<\/p>\n<p>Oferte roll-up la telefon sau prin email.<\/p>\n<p><center><a href=\"http:\/\/www.8imm.ro\/index.php\/contact\/\"><img loading=\"lazy\" decoding=\"async\" class=\"size-full wp-image-382 aligncenter\" src=\"http:\/\/www.8imm.ro\/wp-content\/uploads\/2016\/11\/Untitled-12.png\" alt=\"untitled-12\" width=\"250\" height=\"122\" \/><\/a><\/center>[\/vc_column_text][\/vc_column_inner][\/vc_row_inner][\/vc_column][\/vc_row]<\/p>\n","protected":false},"excerpt":{"rendered":"<p>[vc_row css=&#8221;.vc_custom_1483981397022{padding-top: 30px !important;background-image: url(http:\/\/www.8imm.ro\/wp-content\/uploads\/2016\/11\/3321.png?id=263) !important;}&#8221;][vc_column][vc_row_inner][vc_column_inner][vc_column_text]Roll-up banner este un sistem expozitional portabil, foarte usor de transportat si de utilizat, recomandat\u00a0 pentru prezentari vizuale si un excelent suport pentru comunicare de brand. Produsele Roll up din gama noastr\u0103 sunt solu\u021bia ideal\u0103 pentru compania dumneavoastr\u0103. Cu un design atr\u0103g\u0103tor, ele sunt\u00a0concepute s\u0103 inspire \u00eencredere \u0219i profesionalism. Fiind [&hellip;]<\/p>\n","protected":false},"author":1,"featured_media":0,"parent":0,"menu_order":0,"comment_status":"closed","ping_status":"closed","template":"","meta":{"footnotes":""},"class_list":["post-57","page","type-page","status-publish","hentry"],"_links":{"self":[{"href":"https:\/\/www.8imm.ro\/index.php\/wp-json\/wp\/v2\/pages\/57","targetHints":{"allow":["GET"]}}],"collection":[{"href":"https:\/\/www.8imm.ro\/index.php\/wp-json\/wp\/v2\/pages"}],"about":[{"href":"https:\/\/www.8imm.ro\/index.php\/wp-json\/wp\/v2\/types\/page"}],"author":[{"embeddable":true,"href":"https:\/\/www.8imm.ro\/index.php\/wp-json\/wp\/v2\/users\/1"}],"replies":[{"embeddable":true,"href":"https:\/\/www.8imm.ro\/index.php\/wp-json\/wp\/v2\/comments?post=57"}],"version-history":[{"count":5,"href":"https:\/\/www.8imm.ro\/index.php\/wp-json\/wp\/v2\/pages\/57\/revisions"}],"predecessor-version":[{"id":440,"href":"https:\/\/www.8imm.ro\/index.php\/wp-json\/wp\/v2\/pages\/57\/revisions\/440"}],"wp:attachment":[{"href":"https:\/\/www.8imm.ro\/index.php\/wp-json\/wp\/v2\/media?parent=57"}],"curies":[{"name":"wp","href":"https:\/\/api.w.org\/{rel}","templated":true}]}}