{"id":39,"date":"2016-11-03T16:20:58","date_gmt":"2016-11-03T16:20:58","guid":{"rendered":"http:\/\/printing97.ro\/?page_id=19"},"modified":"2017-01-10T09:05:45","modified_gmt":"2017-01-10T09:05:45","slug":"despre-noi","status":"publish","type":"page","link":"https:\/\/www.8imm.ro\/index.php\/despre-noi\/","title":{"rendered":"Despre noi"},"content":{"rendered":"<p>[vc_row one_headding1=&#8221;&#8221; lax_headding1=&#8221;&#8221; lax_headding2=&#8221;&#8221; lax_headding3=&#8221;&#8221; lax_headding4=&#8221;&#8221; lax_headding5=&#8221;&#8221; lax_headding6=&#8221;&#8221; lax_headding7=&#8221;&#8221; lax_headding8=&#8221;&#8221; css=&#8221;.vc_custom_1484039138962{padding-top: 30px !important;background-image: url(http:\/\/www.8imm.ro\/wp-content\/uploads\/2016\/11\/3321.png?id=263) !important;}&#8221;][vc_column][vc_row_inner][vc_column_inner][vc_column_text]Avem 10+ ani de experien\u0163\u0103 \u00een produc\u0163ia publicitar\u0103. Am \u00eenceput de la o foaie A4 \u015fi de la dorin\u0163a de a imprima pe orice \u015fi am ajuns s\u0103 oferim produse din ce \u00een ce mai complexe. Ast\u0103zi, oferim solu\u0163ii at\u00e2t pentru clien\u0163i locali, c\u00e2t \u015fi pentru cei na\u0163ionali.<\/p>\n<p>Avem un potofoliu consistent de produse, la care am ad\u0103ugat servicii de identitate vizual\u0103 \u015fi verbal\u0103, tocmai din dorin\u0163a de a acoperi c\u00e2t mai mult din nevoile celor care ajung la noi.<\/p>\n<p><strong>Ai nevoie de ajutor cu grafica?<\/strong><br \/>\nTi-am pregatit o sumedenie de machete pentru a te ajuta cu formatarea graficii si daca totusi nu te descurci iti oferim si servicii de grafica si DTP.<\/p>\n<p><strong>Pe langa produse iti oferim si servicii!<\/strong><br \/>\nPe langa faptul ca suntem producatori, nu intermediari, iti oferim si servicii de consultanta, design, obtineri autorizatii, montaje si multe altele.<\/p>\n<p><strong>Contacteaza-ne pentru sfaturi utile!<\/strong><br \/>\nNu esti sigur ce produs sa alegi sau cum sa-ti pui ideea in practica mai eficient? Pentru asta suntem aici &#8211; suna-ne, viziteaza-ne sau trimite-ne un e-mail.<\/p>\n<p><center><a href=\"http:\/\/www.8imm.ro\/index.php\/contact\/\"><img loading=\"lazy\" decoding=\"async\" class=\"size-full wp-image-382 aligncenter\" src=\"http:\/\/www.8imm.ro\/wp-content\/uploads\/2016\/11\/Untitled-12.png\" alt=\"untitled-12\" width=\"250\" height=\"122\" \/><\/a><\/center>[\/vc_column_text][\/vc_column_inner][\/vc_row_inner][\/vc_column][\/vc_row]<\/p>\n","protected":false},"excerpt":{"rendered":"<p>[vc_row one_headding1=&#8221;&#8221; lax_headding1=&#8221;&#8221; lax_headding2=&#8221;&#8221; lax_headding3=&#8221;&#8221; lax_headding4=&#8221;&#8221; lax_headding5=&#8221;&#8221; lax_headding6=&#8221;&#8221; lax_headding7=&#8221;&#8221; lax_headding8=&#8221;&#8221; css=&#8221;.vc_custom_1484039138962{padding-top: 30px !important;background-image: url(http:\/\/www.8imm.ro\/wp-content\/uploads\/2016\/11\/3321.png?id=263) !important;}&#8221;][vc_column][vc_row_inner][vc_column_inner][vc_column_text]Avem 10+ ani de experien\u0163\u0103 \u00een produc\u0163ia publicitar\u0103. Am \u00eenceput de la o foaie A4 \u015fi de la dorin\u0163a de a imprima pe orice \u015fi am ajuns s\u0103 oferim produse din ce \u00een ce mai complexe. Ast\u0103zi, oferim solu\u0163ii at\u00e2t pentru [&hellip;]<\/p>\n","protected":false},"author":1,"featured_media":0,"parent":0,"menu_order":0,"comment_status":"closed","ping_status":"closed","template":"","meta":{"footnotes":""},"class_list":["post-39","page","type-page","status-publish","hentry"],"_links":{"self":[{"href":"https:\/\/www.8imm.ro\/index.php\/wp-json\/wp\/v2\/pages\/39","targetHints":{"allow":["GET"]}}],"collection":[{"href":"https:\/\/www.8imm.ro\/index.php\/wp-json\/wp\/v2\/pages"}],"about":[{"href":"https:\/\/www.8imm.ro\/index.php\/wp-json\/wp\/v2\/types\/page"}],"author":[{"embeddable":true,"href":"https:\/\/www.8imm.ro\/index.php\/wp-json\/wp\/v2\/users\/1"}],"replies":[{"embeddable":true,"href":"https:\/\/www.8imm.ro\/index.php\/wp-json\/wp\/v2\/comments?post=39"}],"version-history":[{"count":7,"href":"https:\/\/www.8imm.ro\/index.php\/wp-json\/wp\/v2\/pages\/39\/revisions"}],"predecessor-version":[{"id":420,"href":"https:\/\/www.8imm.ro\/index.php\/wp-json\/wp\/v2\/pages\/39\/revisions\/420"}],"wp:attachment":[{"href":"https:\/\/www.8imm.ro\/index.php\/wp-json\/wp\/v2\/media?parent=39"}],"curies":[{"name":"wp","href":"https:\/\/api.w.org\/{rel}","templated":true}]}}